{"id":113,"date":"2024-05-29T12:58:52","date_gmt":"2024-05-29T12:58:52","guid":{"rendered":"https:\/\/pressefoto4you.at\/?page_id=113"},"modified":"2024-05-29T13:03:50","modified_gmt":"2024-05-29T13:03:50","slug":"ueber","status":"publish","type":"page","link":"https:\/\/pressefoto4you.at\/index.php\/ueber\/","title":{"rendered":"\u00dcber"},"content":{"rendered":"<p><span style=\"color: #0000ff;\">Ein we<\/span><span style=\"color: #0000ff;\">n<\/span><span style=\"color: #0000ff;\">ig \u00fcber mich<\/span><img loading=\"lazy\" decoding=\"async\" class=\" wp-image-115 alignleft\" style=\"color: #0000ff;\" src=\"https:\/\/pressefoto4you.at\/wp-content\/uploads\/2024\/05\/26236-252x300.jpg\" alt=\"\" width=\"314\" height=\"374\" srcset=\"https:\/\/pressefoto4you.at\/wp-content\/uploads\/2024\/05\/26236-252x300.jpg 252w, https:\/\/pressefoto4you.at\/wp-content\/uploads\/2024\/05\/26236-336x400.jpg 336w, https:\/\/pressefoto4you.at\/wp-content\/uploads\/2024\/05\/26236.jpg 470w\" sizes=\"auto, (max-width: 314px) 100vw, 314px\" \/><\/p>\n<p><span style=\"color: #0000ff;\">Name:<\/span> Albert Hovorka<br \/>\n<span style=\"color: #0000ff;\">Geburtsort:<\/span> Wien<br \/>\n<span style=\"color: #0000ff;\">Wohnort:<\/span> Wien 17<br \/>\n<span style=\"color: #0000ff;\">Familienstand:<\/span> verheiratet<br \/>\n<span style=\"color: #0000ff;\">Derzeitige Besch\u00e4ftigung:<\/span> reisen + fotografieren<br \/>\n<span style=\"color: #0000ff;\">Motto:<\/span> it\u00b4s better to burn out than to fade away<br \/>\n<span style=\"color: #0000ff;\">Hobbys:<\/span> 4&#215;4 Offroad, lesen, Natur, reisen und reisen und reisen und\u2026<br \/>\n<span style=\"color: #0000ff;\">Vorlieben:<\/span> kochen, motorradfahren, reisen, fotografieren<br \/>\n<span style=\"color: #0000ff;\">Abneigung:<\/span> Eifersucht<br \/>\n<span style=\"color: #0000ff;\">Selbstbeschreibung:<\/span> ich fahre nicht mit dem Motorrad in die Oper, bin aber auf\/in beiden anzutreffen. Wandere gerne aber nicht jedes Wochenende. Kann n\u00e4chtelang diskutieren \u00fcber Gott und die Welt &#8211; Hobbys: Reisen und Reisen und Reisen und\u2026<\/p>\n<p>Ja ich habe viel Interessen aber k e i n e n Freizeitstress. denn mit der Seele baumeln geh\u00f6rt unbedingt zu meinem Leben, denn es ist wichtig, f\u00fcr seine Tr\u00e4ume ein paar K\u00e4mpfe durchzustehen &#8211; nicht als Opfer, sondern als Abenteuer.<\/p>\n<p><img loading=\"lazy\" decoding=\"async\" class=\"alignnone wp-image-17 size-full\" src=\"https:\/\/pressefoto4you.at\/wp-content\/uploads\/2024\/05\/skyline-vienna_gif_export.gif\" alt=\"\" width=\"1160\" height=\"293\" \/><\/p>\n","protected":false},"excerpt":{"rendered":"<p>Ein wenig \u00fcber mich Name: Albert Hovorka Geburtsort: Wien Wohnort: Wien 17 Familienstand: verheiratet Derzeitige Besch\u00e4ftigung: reisen + fotografieren Motto: it\u00b4s better to burn out than to fade away Hobbys: 4&#215;4 Offroad, lesen, Natur, reisen&hellip; <a href=\"https:\/\/pressefoto4you.at\/index.php\/ueber\/\">More<\/a><\/p>\n","protected":false},"author":1,"featured_media":0,"parent":0,"menu_order":0,"comment_status":"closed","ping_status":"closed","template":"","meta":{"footnotes":""},"class_list":["post-113","page","type-page","status-publish","hentry"],"_links":{"self":[{"href":"https:\/\/pressefoto4you.at\/index.php\/wp-json\/wp\/v2\/pages\/113","targetHints":{"allow":["GET"]}}],"collection":[{"href":"https:\/\/pressefoto4you.at\/index.php\/wp-json\/wp\/v2\/pages"}],"about":[{"href":"https:\/\/pressefoto4you.at\/index.php\/wp-json\/wp\/v2\/types\/page"}],"author":[{"embeddable":true,"href":"https:\/\/pressefoto4you.at\/index.php\/wp-json\/wp\/v2\/users\/1"}],"replies":[{"embeddable":true,"href":"https:\/\/pressefoto4you.at\/index.php\/wp-json\/wp\/v2\/comments?post=113"}],"version-history":[{"count":4,"href":"https:\/\/pressefoto4you.at\/index.php\/wp-json\/wp\/v2\/pages\/113\/revisions"}],"predecessor-version":[{"id":116,"href":"https:\/\/pressefoto4you.at\/index.php\/wp-json\/wp\/v2\/pages\/113\/revisions\/116"}],"wp:attachment":[{"href":"https:\/\/pressefoto4you.at\/index.php\/wp-json\/wp\/v2\/media?parent=113"}],"curies":[{"name":"wp","href":"https:\/\/api.w.org\/{rel}","templated":true}]}}