{"id":126,"date":"2024-05-29T13:14:38","date_gmt":"2024-05-29T13:14:38","guid":{"rendered":"https:\/\/pressefoto4you.at\/?page_id=126"},"modified":"2024-05-29T13:14:38","modified_gmt":"2024-05-29T13:14:38","slug":"impressum","status":"publish","type":"page","link":"https:\/\/pressefoto4you.at\/index.php\/impressum\/","title":{"rendered":"Impressum"},"content":{"rendered":"<p><span style=\"color: #0000ff;\">Besitzer und Ansprechpartner:<\/span><br \/>\nAlbert Hovorka<br \/>\n1170 Wien<br \/>\nTelefon: +43 664 2532078<br \/>\nE-Mail: albert@pressefoto4you.at<\/p>\n<p>Diese Homepage dient ausschlie\u00dflich dem privaten Zwecke mit dem Inhalt &#8211; Information zum Thema Foto und Fotobearbeitung. Originalbilder, Grafiken oder Texte unterliegen dem \u00a9 Copyright der jeweiligen K\u00fcnstler. Falls ich doch unwissentlich gegen irgendein bestehendes Copyright versto\u00dfen haben sollte, bitte ich hiermit um Entschuldigung und ein E-Mail an mich. Ich werde betreffendes Bild, Grafik oder Text sofort von meiner Page entfernen.<\/p>\n<p>Die Inhalte von pressefoto4you.at sind ausschlie\u00dflich f\u00fcr den pers\u00f6nlichen Bedarf zu nutzen. Das kopieren, vervielf\u00e4ltigen oder ver\u00e4ndern der Website ist ohne meine schrift-liche Zusage verboten. Alle meine rechte bleiben vorbehalten. Ich \u00fcbernehme keine Haf-tung f\u00fcr die Vereinbarkeit der Seiteninhalte mit rechtlichen Bestimmungen au\u00dferhalb der Republik \u00d6sterreich. Satz- und Druckfehler vorbehalten. Hinweis: mit dem aufrufen und nutzen aller oder einzelner Seiten der Webseite pressefoto4you.at erkennen Sie, als An-wender oder Nutzer diese Bedingungen und Hinweise an.<\/p>\n<p>Alle Bilder, Grafiken und Texte auf der Webseite pressefoto4you.at unterliegen dem Urheberrecht. Sie d\u00fcrfen ohne schriftliche Erlaubnis des geistigen Sch\u00f6pfers in keiner Form weiterverwendet werden. Die Urheberrechte unterliegen in den allermeisten F\u00e4llen dem Webseiteninhaber, also mir. Ist dies nicht der Fall, so ist dies gekennzeichnet. Eine nicht genehmigte Weiterverteilung bzw. Kopie jeglichen Seiteninhaltes oder auch Teilen davon, ist nicht gestattet. Es ist auch nicht gestattet, den Inhalt dieser Seiten oder Teile davon in vorliegender oder ge\u00e4nderter Form einer gewerblichen, kommerziellen oder entgeltlichen Nutzung ohne die schriftliche Zustimmung des Copyrighthalters zu unter-ziehen. Sie sind willkommen die Seiten durchst\u00f6bern, zu drucken, und zu downloaden. Ihnen ist es nicht erlaubt, sie als Kopie (komplett oder als Auszug), \u00fcbersetzt oder sonst wie ge\u00e4ndert im Internet oder einem Intranet, ohne die schriftliche Zustimmung des Co-pyrighthalters zu ver\u00f6ffentlichen. Die Seiten d\u00fcrfen nicht in Handelsprodukten, in Servi-ces, in Software oder in Dokumenten ohne die schriftliche Zustimmung des Copyright Halters verkauft werden oder enthalten sein. Distanzierung von Inhalten dritter, die von den Seiten des Autors zu erreichen sind oder hier dargestellt werden. Ich \u00fcbernehme keine Verantwortlichkeit f\u00fcr Inhalte, die in Verlinkungen direkt oder indirekt dargestellt werden oder sich erreichen lassen. Die Eigent\u00fcmer der Seiten und die Leser sind angehalten, Ver-st\u00f6\u00dfe gegen geltendes Recht mir zu melden. Diese Website enth\u00e4lt Hinweise, Verbin-dungen und Verkn\u00fcpfungen auf andere Internetinhalte und -anbieter, sogenannte Links. Wenn Sie diesen Links folgen, dann tun Sie das auf eigene Gefahr. Die Inhalte anderer Webseiten entziehen sich meiner Kontrolle und Verantwortlichkeit.<\/p>\n<p>Haftungsausschlu\u00df:<br \/>\n1. Inhalt des Onlineangebotes<br \/>\nIch \u00fcbernehme keinerlei Gew\u00e4hr f\u00fcr die Aktualit\u00e4t, Korrektheit, Vollst\u00e4ndigkeit oder Qualit\u00e4t der bereitgestellten Informationen. Haftungsanspr\u00fcche gegen mich, welche sich auf Sch\u00e4den materieller oder ideeller Art beziehen, die durch die Nutzung oder Nicht-nutzung der dargebotenen Informationen bzw. durch die Nutzung fehlerhafter und unvollst\u00e4ndiger Informationen verursacht wurden, sind grunds\u00e4tzlich ausgeschlossen, sofern meinerseits kein nachweislich vors\u00e4tzliches oder grob fahrl\u00e4ssiges Verschulden vorliegt. Alle Angebote sind freibleibend und unverbindlich. Ich behalte mir ausdr\u00fccklich vor, Teile der Seiten oder das gesamte Angebot ohne gesonderte Ank\u00fcndigung zu ver\u00e4n-dern, zu erg\u00e4nzen, zu l\u00f6schen oder die Ver\u00f6ffentlichung zeitweise oder endg\u00fcltig einzu-stellen.<br \/>\n2.Verweise und Links<br \/>\nBei direkten oder indirekten Verweisen auf fremde Internetseiten (&#8222;Links&#8220;), die au\u00dferhalb meines Verantwortungsbereiches liegen, w\u00fcrde eine Haftungsverpflichtung ausschlie\u00dflich in dem Fall in Kraft treten, in dem ich von den Inhalten Kenntnis habe und es mir tech-nisch m\u00f6glich und zumutbar w\u00e4re, die Nutzung im Falle rechtswidriger Inhalte zu verhin-dern. Ich erkl\u00e4re hiermit ausdr\u00fccklich, dass zum Zeitpunkt der Linksetzung keine illegalen Inhalte auf den zu verlinkenden Seiten erkennbar waren. Auf die aktuelle und zuk\u00fcnftige Gestaltung, die Inhalte oder die Urheberschaft der gelinkten\/verkn\u00fcpften Seiten habe ich keinerlei Einflu\u00df. Deshalb distanziere ich mich hiermit ausdr\u00fccklich von allen Inhalten aller gelinkten \/verkn\u00fcpften Seiten, die nach der Linksetzung ver\u00e4ndert wurden. Diese Feststellung gilt f\u00fcr alle innerhalb des eigenen Internetangebotes gesetzten Links und verweise sowie f\u00fcr Fremdeintr\u00e4ge in von mir eingerichteten G\u00e4steb\u00fcchern, Diskussions-foren und Mailinglisten. F\u00fcr illegale, fehlerhafte oder unvollst\u00e4ndige Inhalte und ins besonders f\u00fcr Sch\u00e4den, die aus der Nutzung oder Nichtnutzung solcherart dargebotener Informationen entstehen, haftet allein der Anbieter der Seite, auf welche verwiesen wurde, nicht derjenige, der \u00fcber Links auf die jeweilige Ver\u00f6ffentlichung lediglich verweist.<br \/>\n3.Urheber- und Kennzeichenrecht<br \/>\nIch bin bestrebt, in allen Publikationen die Urheberrechte der verwendeten Fotos, Grafiken, Tondokumente, Videosequenzen und Texte zu beachten. Von mir selbst erstellte Grafiken, Tondokumente, Videosequenzen und Texte zu nutzen oder auf lizenzfreie Grafi-ken, Tondokumente, Videosequenzen und Texte zur\u00fcckzugreifen. Alle innerhalb des In-ternetangebotes genannten und ggf. durch Dritte gesch\u00fctzten Marken- und Warenzei-chen unterliegen uneingeschr\u00e4nkt den Bestimmungen des jeweils g\u00fcltigen Kennzeichen-rechts und den Besitzrechten der jeweiligen eingetragenen Eigent\u00fcmer. Allein aufgrund der blo\u00dfen Nennung ist nicht der Schlu\u00df zu ziehen, dass Markenzeichen nicht durch rechte Dritte gesch\u00fctzt sind. das Copyright f\u00fcr ver\u00f6ffentlichte, vom Autor selbst erstellte Objekte, Bilder und Texte bleibt allein beim Autor der Seiten. Eine Vervielf\u00e4ltigung oder Verwen-dung solcher Grafiken, Tondokumente, Videosequenzen und Texte in anderen elektronischen oder gedruckten Publikationen ist ohne ausdr\u00fcckliche schriftliche Zustim-mung des Autors nicht gestattet.<br \/>\n4.Datenschutz<br \/>\nSofern innerhalb des Internetangebotes die M\u00f6glichkeit zur Eingabe pers\u00f6nlicher oder gesch\u00e4ftlicher Daten (E-Mailadressen, Namen, Anschriften) besteht, so erfolgt die Preis-gabe dieser Daten seitens des Nutzers auf ausdr\u00fccklich freiwilliger Basis. Die Inanspruch-nahme und Bezahlung aller angebotenen Dienste sind, soweit technisch m\u00f6glich und zu-mutbar, auch ohne Angabe solcher Daten bzw. unter Angabe anonymisierter Daten oder eines Pseudonyms gestattet.<br \/>\n5.Rechtswirksamkeit<br \/>\nDieser Haftungsausschlu\u00df, sofern Teile oder einzelne Formulierungen dieses Textes der geltenden Rechtslage nicht, nicht mehr oder nicht vollst\u00e4ndig entsprechen sollten, bleiben die \u00fcbrigen Teile des Dokumentes in ihrem Inhalt und ihrer G\u00fcltigkeit davon unber\u00fchrt.<\/p>\n","protected":false},"excerpt":{"rendered":"<p>Besitzer und Ansprechpartner: Albert Hovorka 1170 Wien Telefon: +43 664 2532078 E-Mail: albert@pressefoto4you.at Diese Homepage dient ausschlie\u00dflich dem privaten Zwecke mit dem Inhalt &#8211; Information zum Thema Foto und Fotobearbeitung. Originalbilder, Grafiken oder Texte unterliegen&hellip; <a href=\"https:\/\/pressefoto4you.at\/index.php\/impressum\/\">More<\/a><\/p>\n","protected":false},"author":1,"featured_media":0,"parent":0,"menu_order":0,"comment_status":"closed","ping_status":"closed","template":"","meta":{"footnotes":""},"class_list":["post-126","page","type-page","status-publish","hentry"],"_links":{"self":[{"href":"https:\/\/pressefoto4you.at\/index.php\/wp-json\/wp\/v2\/pages\/126","targetHints":{"allow":["GET"]}}],"collection":[{"href":"https:\/\/pressefoto4you.at\/index.php\/wp-json\/wp\/v2\/pages"}],"about":[{"href":"https:\/\/pressefoto4you.at\/index.php\/wp-json\/wp\/v2\/types\/page"}],"author":[{"embeddable":true,"href":"https:\/\/pressefoto4you.at\/index.php\/wp-json\/wp\/v2\/users\/1"}],"replies":[{"embeddable":true,"href":"https:\/\/pressefoto4you.at\/index.php\/wp-json\/wp\/v2\/comments?post=126"}],"version-history":[{"count":1,"href":"https:\/\/pressefoto4you.at\/index.php\/wp-json\/wp\/v2\/pages\/126\/revisions"}],"predecessor-version":[{"id":127,"href":"https:\/\/pressefoto4you.at\/index.php\/wp-json\/wp\/v2\/pages\/126\/revisions\/127"}],"wp:attachment":[{"href":"https:\/\/pressefoto4you.at\/index.php\/wp-json\/wp\/v2\/media?parent=126"}],"curies":[{"name":"wp","href":"https:\/\/api.w.org\/{rel}","templated":true}]}}