{"id":51,"date":"2024-05-29T07:34:14","date_gmt":"2024-05-29T07:34:14","guid":{"rendered":"https:\/\/pressefoto4you.at\/?page_id=51"},"modified":"2026-02-17T16:31:33","modified_gmt":"2026-02-17T16:31:33","slug":"startseite","status":"publish","type":"page","link":"https:\/\/pressefoto4you.at\/","title":{"rendered":"Startseite"},"content":{"rendered":"<p><span style=\"color: #0000ff;\">Herzlich Willkommen auf unserer Homepage<\/span><br \/>\nin unserem Portfolio k\u00f6nnen Sie nachlesen was wir f\u00fcr Sie fotografisch\/-technisch gestalten k\u00f6nnen.<br \/>\nGemeinsam mit Ihnen erstellen wir ma\u00dfgeschneiderte L\u00f6sungen f\u00fcr Sie oder Ihr Unternehmen.<br \/>\nRufen Sie uns einfach an oder schreiben Sie uns Ihre W\u00fcnsche, wir werden uns mit Ihnen umgehend in Verbindung setzen.<br \/>\n<img loading=\"lazy\" decoding=\"async\" class=\"aligncenter wp-image-17 size-full\" src=\"https:\/\/pressefoto4you.at\/wp-content\/uploads\/2024\/05\/skyline-vienna_gif_export.gif\" alt=\"\" width=\"1160\" height=\"293\" \/><span style=\"color: #0000ff;\">Unser n\u00e4chster Event:<br \/>\n<span style=\"color: #000000;\">Ab M\u00e4rz 2025 werden wir mit unserem Campervan von &#8222;Wien nach Kapstadt&#8220; reisen.<br \/>\n<\/span><span style=\"color: #000000;\">Auf unserem Blog www.hovisontour.com k\u00f6nnt Ihr uns auf der Reise begleiten.<br \/>\nN\u00e4here Information siehe <span style=\"color: #0000ff;\"><a style=\"color: #0000ff;\" href=\"https:\/\/pressefoto4you.at\/index.php\/events\/\">&#8222;Events&#8220;<\/a><\/span><br \/>\n<\/span><\/span><\/p>\n<p>&nbsp;<\/p>\n<p>&nbsp;<\/p>\n","protected":false},"excerpt":{"rendered":"<p>Herzlich Willkommen auf unserer Homepage in unserem Portfolio k\u00f6nnen Sie nachlesen was wir f\u00fcr Sie fotografisch\/-technisch gestalten k\u00f6nnen. Gemeinsam mit Ihnen erstellen wir ma\u00dfgeschneiderte L\u00f6sungen f\u00fcr Sie oder Ihr Unternehmen. Rufen Sie uns einfach an&hellip; <a href=\"https:\/\/pressefoto4you.at\/\">More<\/a><\/p>\n","protected":false},"author":1,"featured_media":0,"parent":0,"menu_order":0,"comment_status":"closed","ping_status":"closed","template":"","meta":{"footnotes":""},"class_list":["post-51","page","type-page","status-publish","hentry"],"_links":{"self":[{"href":"https:\/\/pressefoto4you.at\/index.php\/wp-json\/wp\/v2\/pages\/51","targetHints":{"allow":["GET"]}}],"collection":[{"href":"https:\/\/pressefoto4you.at\/index.php\/wp-json\/wp\/v2\/pages"}],"about":[{"href":"https:\/\/pressefoto4you.at\/index.php\/wp-json\/wp\/v2\/types\/page"}],"author":[{"embeddable":true,"href":"https:\/\/pressefoto4you.at\/index.php\/wp-json\/wp\/v2\/users\/1"}],"replies":[{"embeddable":true,"href":"https:\/\/pressefoto4you.at\/index.php\/wp-json\/wp\/v2\/comments?post=51"}],"version-history":[{"count":18,"href":"https:\/\/pressefoto4you.at\/index.php\/wp-json\/wp\/v2\/pages\/51\/revisions"}],"predecessor-version":[{"id":362,"href":"https:\/\/pressefoto4you.at\/index.php\/wp-json\/wp\/v2\/pages\/51\/revisions\/362"}],"wp:attachment":[{"href":"https:\/\/pressefoto4you.at\/index.php\/wp-json\/wp\/v2\/media?parent=51"}],"curies":[{"name":"wp","href":"https:\/\/api.w.org\/{rel}","templated":true}]}}